{"id":184,"date":"2025-07-03T06:37:56","date_gmt":"2025-07-03T04:37:56","guid":{"rendered":"https:\/\/www.ladanselauwinoise.com\/?page_id=184"},"modified":"2025-07-29T08:57:31","modified_gmt":"2025-07-29T06:57:31","slug":"contact-gestionnaire","status":"publish","type":"page","link":"https:\/\/www.ladanselauwinoise.com\/index.php\/contact-gestionnaire\/","title":{"rendered":"Gestionnaire du site de l&rsquo;association de cours de danse lauwinoise"},"content":{"rendered":"\n<div class=\"wp-block-buttons has-custom-font-size has-small-font-size is-content-justification-center is-layout-flex wp-container-core-buttons-is-layout-6f540e79 wp-block-buttons-is-layout-flex\" style=\"margin-top:0px;margin-bottom:0px;padding-top:1px;padding-right:1px;padding-bottom:1px;padding-left:1px\">\n<div class=\"wp-block-button is-style-outline is-style-outline--1\"><a class=\"wp-block-button__link has-accent-1-color has-text-color has-link-color has-large-font-size has-custom-font-size wp-element-button\" href=\"https:\/\/www.ladanselauwinoise.com\/\" style=\"padding-top:0;padding-right:var(--wp--preset--spacing--20);padding-bottom:0;padding-left:var(--wp--preset--spacing--20)\">Accueil<\/a><\/div>\n\n\n\n<div class=\"wp-block-button is-style-outline is-style-outline--2\"><a class=\"wp-block-button__link has-accent-1-color has-text-color has-link-color has-large-font-size has-custom-font-size wp-element-button\" href=\"https:\/\/www.ladanselauwinoise.com\/index.php\/evenements\/\" style=\"padding-top:0;padding-right:var(--wp--preset--spacing--20);padding-bottom:0;padding-left:var(--wp--preset--spacing--20)\">Ev\u00e8nements<\/a><\/div>\n\n\n\n<div class=\"wp-block-button is-style-outline is-style-outline--3\"><a class=\"wp-block-button__link has-accent-1-color has-text-color has-link-color has-large-font-size has-custom-font-size wp-element-button\" href=\"https:\/\/www.ladanselauwinoise.com\/index.php\/cours-de-danse\/\" style=\"padding-top:0;padding-right:var(--wp--preset--spacing--20);padding-bottom:0;padding-left:var(--wp--preset--spacing--20)\">Cours<\/a><\/div>\n\n\n\n<div class=\"wp-block-button is-style-outline is-style-outline--4\"><a class=\"wp-block-button__link has-accent-1-color has-text-color has-link-color has-large-font-size has-custom-font-size wp-element-button\" href=\"https:\/\/www.ladanselauwinoise.com\/index.php\/contact\/\" style=\"padding-top:0;padding-right:var(--wp--preset--spacing--20);padding-bottom:0;padding-left:var(--wp--preset--spacing--20)\">Contact<\/a><\/div>\n<\/div>\n\n\n\n<h1 class=\"wp-block-heading has-text-align-center has-base-color has-text-color has-link-color has-small-font-size wp-elements-5ede0dbd55d3e43cc01021c21dc7bc63\" style=\"margin-right:var(--wp--preset--spacing--50);margin-left:var(--wp--preset--spacing--50)\">Gestionnaire du site web de l&rsquo;association et mentions l\u00e9gales<\/h1>\n\n\n\n<div style=\"height:5px;width:0px\" aria-hidden=\"true\" class=\"wp-block-spacer\"><\/div>\n\n\n\n<h2 class=\"wp-block-heading has-text-align-center has-accent-1-color has-text-color has-link-color has-large-font-size wp-elements-aeb4a75613c26e5cac95eed10aae27a7\" style=\"margin-right:var(--wp--preset--spacing--50);margin-left:var(--wp--preset--spacing--50)\">Gestionnaire<\/h2>\n\n\n\n<p class=\"has-text-align-center is-style-default has-medium-font-size\" style=\"margin-right:var(--wp--preset--spacing--50);margin-left:var(--wp--preset--spacing--50)\">Toute la conception, les textes et images sont des sources propres \u00e0 l&rsquo;association \u00ab\u00a0La Danse Lauwinoise\u00a0\u00bb ou libres de droit.<\/p>\n\n\n\n<figure class=\"wp-block-image aligncenter size-medium is-resized\"><img loading=\"lazy\" decoding=\"async\" width=\"300\" height=\"225\" src=\"https:\/\/www.ladanselauwinoise.com\/wp-content\/uploads\/2025\/07\/reunion-bureau-300x225.png\" alt=\"membres du bureau\" class=\"wp-image-419\" style=\"aspect-ratio:3\/2;object-fit:cover;width:auto;height:50px\" srcset=\"https:\/\/www.ladanselauwinoise.com\/wp-content\/uploads\/2025\/07\/reunion-bureau-300x225.png 300w, https:\/\/www.ladanselauwinoise.com\/wp-content\/uploads\/2025\/07\/reunion-bureau.png 358w\" sizes=\"auto, (max-width: 300px) 100vw, 300px\" \/><\/figure>\n\n\n\n<p class=\"has-text-align-center has-medium-font-size\" style=\"margin-right:var(--wp--preset--spacing--50);margin-left:var(--wp--preset--spacing--50)\">Pour toute question concernant les contenus ou la technique web, vous pouvez contacter notre gestionnaire de site par mail \u00e0 cette adresse :<br><a href=\"mailto:gestionnaire@ladanselauwinoise.com\" target=\"_blank\" rel=\"noreferrer noopener\">gestionnaire@ladanselauwinoise.com<\/a><\/p>\n\n\n\n<div style=\"height:50px\" aria-hidden=\"true\" class=\"wp-block-spacer\"><\/div>\n\n\n\n<h1 class=\"wp-block-heading has-text-align-center has-accent-1-color has-text-color has-link-color has-large-font-size wp-elements-c7e89b3f8c942522773233d89e1ebc6d\" style=\"margin-right:var(--wp--preset--spacing--50);margin-left:var(--wp--preset--spacing--50)\">Mentions l\u00e9gales<\/h1>\n\n\n\n<h3 class=\"wp-block-heading has-text-align-center has-small-font-size\" style=\"margin-right:var(--wp--preset--spacing--50);margin-left:var(--wp--preset--spacing--50)\"><strong>Commentaires<\/strong><\/h3>\n\n\n\n<p class=\"has-text-align-center has-small-font-size\" style=\"margin-right:var(--wp--preset--spacing--50);margin-left:var(--wp--preset--spacing--50)\">Lorsque les visiteurs laissent des commentaires sur le site, nous collectons les donn\u00e9es figurant dans le formulaire de commentaires, ainsi que leur adresse IP et l&rsquo;agent utilisateur de leur navigateur afin de faciliter la d\u00e9tection des spams.<\/p>\n\n\n\n<p class=\"has-text-align-center has-small-font-size\" style=\"margin-right:var(--wp--preset--spacing--50);margin-left:var(--wp--preset--spacing--50)\">Une cha\u00eene anonymis\u00e9e cr\u00e9\u00e9e \u00e0 partir de votre adresse e-mail (\u00e9galement appel\u00e9e hachage) peut \u00eatre transmise au service Gravatar pour v\u00e9rifier si vous l&rsquo;utilisez. La politique de confidentialit\u00e9 du service Gravatar est disponible ici : https:\/\/automattic.com\/privacy\/. Apr\u00e8s validation de votre commentaire, votre photo de profil sera visible publiquement \u00e0 c\u00f4t\u00e9 de votre commentaire.<\/p>\n\n\n\n<h3 class=\"wp-block-heading has-text-align-center has-small-font-size\" style=\"margin-right:var(--wp--preset--spacing--50);margin-left:var(--wp--preset--spacing--50)\"><strong>Cookies<\/strong><\/h3>\n\n\n\n<p class=\"has-text-align-center has-small-font-size\" style=\"margin-right:var(--wp--preset--spacing--50);margin-left:var(--wp--preset--spacing--50)\">Si vous laissez un commentaire sur notre site, vous pouvez choisir d&rsquo;enregistrer votre nom, votre adresse e-mail et votre site web dans des cookies. Ces cookies sont utilis\u00e9s pour votre confort et vous \u00e9vitent de les saisir \u00e0 nouveau lorsque vous laissez un autre commentaire. Ces cookies ont une dur\u00e9e de vie d&rsquo;un an.<\/p>\n\n\n\n<p class=\"has-text-align-center has-small-font-size\" style=\"margin-right:var(--wp--preset--spacing--50);margin-left:var(--wp--preset--spacing--50)\">Si vous visitez notre page de connexion, nous installerons un cookie temporaire afin de d\u00e9terminer si votre navigateur accepte les cookies. Ce cookie ne contient aucune donn\u00e9e personnelle et sera supprim\u00e9 lorsque vous fermerez votre navigateur.<\/p>\n\n\n\n<p class=\"has-text-align-center has-small-font-size\" style=\"margin-right:var(--wp--preset--spacing--50);margin-left:var(--wp--preset--spacing--50)\">Lorsque vous vous connecterez, nous installerons \u00e9galement plusieurs cookies pour enregistrer vos informations de connexion et vos pr\u00e9f\u00e9rences d&rsquo;affichage. La dur\u00e9e de vie des cookies de connexion est de deux jours et celle des cookies d&rsquo;options d&rsquo;affichage est d&rsquo;un an. Si vous cochez \u00ab Se souvenir de moi \u00bb, votre connexion sera conserv\u00e9e pendant deux semaines. Si vous vous d\u00e9connectez de votre compte, les cookies de connexion seront supprim\u00e9s.<\/p>\n\n\n\n<p class=\"has-text-align-center has-small-font-size\" style=\"margin-right:var(--wp--preset--spacing--50);margin-left:var(--wp--preset--spacing--50)\">Si vous modifiez ou publiez un article, un cookie suppl\u00e9mentaire sera enregistr\u00e9 dans votre navigateur. Ce cookie ne contient aucune donn\u00e9e personnelle et indique simplement l&rsquo;identifiant de l&rsquo;article que vous venez de modifier. Il expire au bout d&rsquo;un jour.<\/p>\n\n\n\n<h3 class=\"wp-block-heading has-text-align-center has-small-font-size\" style=\"margin-right:var(--wp--preset--spacing--50);margin-left:var(--wp--preset--spacing--50)\"><strong>Combien de temps conservons-nous vos donn\u00e9es&nbsp;?<\/strong><\/h3>\n\n\n\n<p class=\"has-text-align-center has-small-font-size\" style=\"margin-right:var(--wp--preset--spacing--50);margin-left:var(--wp--preset--spacing--50)\">Si vous laissez un commentaire, celui-ci et ses m\u00e9tadonn\u00e9es sont conserv\u00e9s ind\u00e9finiment. Cela nous permet de reconna\u00eetre et d&rsquo;approuver automatiquement les commentaires suivants au lieu de les laisser en file d&rsquo;attente de mod\u00e9ration.<\/p>\n\n\n\n<p class=\"has-text-align-center has-small-font-size\" style=\"margin-right:var(--wp--preset--spacing--50);margin-left:var(--wp--preset--spacing--50)\">Pour les utilisateurs qui s&rsquo;inscrivent sur notre site web (le cas \u00e9ch\u00e9ant), nous stockons \u00e9galement les informations personnelles qu&rsquo;ils fournissent dans leur profil. Tous les utilisateurs peuvent voir, modifier ou supprimer leurs informations personnelles \u00e0 tout moment (\u00e0 l&rsquo;exception de leur nom d&rsquo;utilisateur). Les administrateurs du site web peuvent \u00e9galement voir et modifier ces informations.<\/p>\n\n\n\n<h3 class=\"wp-block-heading has-text-align-center has-small-font-size\" style=\"margin-right:var(--wp--preset--spacing--50);margin-left:var(--wp--preset--spacing--50)\"><strong>Quels sont vos droits sur vos donn\u00e9es&nbsp;?<\/strong><\/h3>\n\n\n\n<p class=\"has-text-align-center has-small-font-size\" style=\"margin-right:var(--wp--preset--spacing--50);margin-left:var(--wp--preset--spacing--50)\">Si vous avez un compte sur ce site ou si vous avez laiss\u00e9 des commentaires, vous pouvez demander \u00e0 recevoir un fichier contenant toutes les donn\u00e9es personnelles que nous d\u00e9tenons \u00e0 votre sujet, y compris celles que vous nous avez fournies. Vous pouvez \u00e9galement demander la suppression de toutes les donn\u00e9es personnelles que nous d\u00e9tenons \u00e0 votre sujet. Cela n&rsquo;inclut pas les donn\u00e9es que nous sommes tenus de conserver \u00e0 des fins administratives, l\u00e9gales ou de s\u00e9curit\u00e9.<\/p>\n\n\n\n<h3 class=\"wp-block-heading has-text-align-center has-small-font-size\" style=\"margin-right:var(--wp--preset--spacing--50);margin-left:var(--wp--preset--spacing--50)\"><strong>O\u00f9 vos donn\u00e9es sont-elles envoy\u00e9es&nbsp;?<\/strong><\/h3>\n\n\n\n<p class=\"has-text-align-center has-small-font-size\" style=\"margin-right:var(--wp--preset--spacing--50);margin-left:var(--wp--preset--spacing--50)\">Les commentaires des visiteurs peuvent \u00eatre v\u00e9rifi\u00e9s via un service automatis\u00e9 de d\u00e9tection de spam.<\/p>\n\n\n\n<div style=\"height:100px\" aria-hidden=\"true\" class=\"wp-block-spacer\"><\/div>\n","protected":false},"excerpt":{"rendered":"<p>Gestionnaire du site web de l&rsquo;association et mentions l\u00e9gales Gestionnaire Toute la conception, les textes et images sont des sources propres \u00e0 l&rsquo;association \u00ab\u00a0La Danse Lauwinoise\u00a0\u00bb ou libres de droit. Pour toute question concernant les contenus ou la technique web, vous pouvez contacter notre gestionnaire de site par mail \u00e0 cette adresse :gestionnaire@ladanselauwinoise.com Mentions l\u00e9gales [&hellip;]<\/p>\n","protected":false},"author":1,"featured_media":0,"parent":0,"menu_order":0,"comment_status":"closed","ping_status":"closed","template":"wp-custom-template-ldl-mod-le-page","meta":{"footnotes":""},"class_list":["post-184","page","type-page","status-publish","hentry"],"yoast_head":"<!-- This site is optimized with the Yoast SEO plugin v26.8 - https:\/\/yoast.com\/product\/yoast-seo-wordpress\/ -->\n<title>Gestionnaire du site de l&#039;association de cours de danse lauwinoise - La Danse Lauwinoise<\/title>\n<meta name=\"description\" content=\"Contact du gestionnaire du site web de l&#039;association lauwinoise de cours de danses et mentions l\u00e9gales web\" \/>\n<meta name=\"robots\" content=\"index, follow, max-snippet:-1, max-image-preview:large, max-video-preview:-1\" \/>\n<link rel=\"canonical\" href=\"https:\/\/www.ladanselauwinoise.com\/index.php\/contact-gestionnaire\/\" \/>\n<meta property=\"og:locale\" content=\"fr_FR\" \/>\n<meta property=\"og:type\" content=\"article\" \/>\n<meta property=\"og:title\" content=\"Gestionnaire du site de l&#039;association de cours de danse lauwinoise - La Danse Lauwinoise\" \/>\n<meta property=\"og:description\" content=\"Contact du gestionnaire du site web de l&#039;association lauwinoise de cours de danses et mentions l\u00e9gales web\" \/>\n<meta property=\"og:url\" content=\"https:\/\/www.ladanselauwinoise.com\/index.php\/contact-gestionnaire\/\" \/>\n<meta property=\"og:site_name\" content=\"La Danse Lauwinoise\" \/>\n<meta property=\"article:modified_time\" content=\"2025-07-29T06:57:31+00:00\" \/>\n<meta property=\"og:image\" content=\"https:\/\/www.ladanselauwinoise.com\/wp-content\/uploads\/2025\/07\/reunion-bureau.png\" \/>\n\t<meta property=\"og:image:width\" content=\"358\" \/>\n\t<meta property=\"og:image:height\" content=\"269\" \/>\n\t<meta property=\"og:image:type\" content=\"image\/png\" \/>\n<meta name=\"twitter:card\" content=\"summary_large_image\" \/>\n<meta name=\"twitter:label1\" content=\"Dur\u00e9e de lecture estim\u00e9e\" \/>\n\t<meta name=\"twitter:data1\" content=\"3 minutes\" \/>\n<script type=\"application\/ld+json\" class=\"yoast-schema-graph\">{\"@context\":\"https:\/\/schema.org\",\"@graph\":[{\"@type\":\"WebPage\",\"@id\":\"https:\/\/www.ladanselauwinoise.com\/index.php\/contact-gestionnaire\/\",\"url\":\"https:\/\/www.ladanselauwinoise.com\/index.php\/contact-gestionnaire\/\",\"name\":\"Gestionnaire du site de l'association de cours de danse lauwinoise - La Danse Lauwinoise\",\"isPartOf\":{\"@id\":\"https:\/\/www.ladanselauwinoise.com\/#website\"},\"primaryImageOfPage\":{\"@id\":\"https:\/\/www.ladanselauwinoise.com\/index.php\/contact-gestionnaire\/#primaryimage\"},\"image\":{\"@id\":\"https:\/\/www.ladanselauwinoise.com\/index.php\/contact-gestionnaire\/#primaryimage\"},\"thumbnailUrl\":\"https:\/\/www.ladanselauwinoise.com\/wp-content\/uploads\/2025\/07\/reunion-bureau-300x225.png\",\"datePublished\":\"2025-07-03T04:37:56+00:00\",\"dateModified\":\"2025-07-29T06:57:31+00:00\",\"description\":\"Contact du gestionnaire du site web de l'association lauwinoise de cours de danses et mentions l\u00e9gales web\",\"breadcrumb\":{\"@id\":\"https:\/\/www.ladanselauwinoise.com\/index.php\/contact-gestionnaire\/#breadcrumb\"},\"inLanguage\":\"fr-FR\",\"potentialAction\":[{\"@type\":\"ReadAction\",\"target\":[\"https:\/\/www.ladanselauwinoise.com\/index.php\/contact-gestionnaire\/\"]}]},{\"@type\":\"ImageObject\",\"inLanguage\":\"fr-FR\",\"@id\":\"https:\/\/www.ladanselauwinoise.com\/index.php\/contact-gestionnaire\/#primaryimage\",\"url\":\"https:\/\/www.ladanselauwinoise.com\/wp-content\/uploads\/2025\/07\/reunion-bureau.png\",\"contentUrl\":\"https:\/\/www.ladanselauwinoise.com\/wp-content\/uploads\/2025\/07\/reunion-bureau.png\",\"width\":358,\"height\":269,\"caption\":\"membres du bureau\"},{\"@type\":\"BreadcrumbList\",\"@id\":\"https:\/\/www.ladanselauwinoise.com\/index.php\/contact-gestionnaire\/#breadcrumb\",\"itemListElement\":[{\"@type\":\"ListItem\",\"position\":1,\"name\":\"Accueil\",\"item\":\"https:\/\/www.ladanselauwinoise.com\/\"},{\"@type\":\"ListItem\",\"position\":2,\"name\":\"Gestionnaire du site de l&rsquo;association de cours de danse lauwinoise\"}]},{\"@type\":\"WebSite\",\"@id\":\"https:\/\/www.ladanselauwinoise.com\/#website\",\"url\":\"https:\/\/www.ladanselauwinoise.com\/\",\"name\":\"La Danse Lauwinoise\",\"description\":\"Venez danser avec nous, en couple ou en ligne, \u00e0 Lauwin-Planque \u00e0 c\u00f4t\u00e9 de Douai\",\"publisher\":{\"@id\":\"https:\/\/www.ladanselauwinoise.com\/#organization\"},\"alternateName\":\"Danse \u00e0 Lauwin-Planque\",\"potentialAction\":[{\"@type\":\"SearchAction\",\"target\":{\"@type\":\"EntryPoint\",\"urlTemplate\":\"https:\/\/www.ladanselauwinoise.com\/?s={search_term_string}\"},\"query-input\":{\"@type\":\"PropertyValueSpecification\",\"valueRequired\":true,\"valueName\":\"search_term_string\"}}],\"inLanguage\":\"fr-FR\"},{\"@type\":\"Organization\",\"@id\":\"https:\/\/www.ladanselauwinoise.com\/#organization\",\"name\":\"La Danse Lauwinoise\",\"url\":\"https:\/\/www.ladanselauwinoise.com\/\",\"logo\":{\"@type\":\"ImageObject\",\"inLanguage\":\"fr-FR\",\"@id\":\"https:\/\/www.ladanselauwinoise.com\/#\/schema\/logo\/image\/\",\"url\":\"https:\/\/www.ladanselauwinoise.com\/wp-content\/uploads\/2025\/06\/Logo-110x110-transparent-1.png\",\"contentUrl\":\"https:\/\/www.ladanselauwinoise.com\/wp-content\/uploads\/2025\/06\/Logo-110x110-transparent-1.png\",\"width\":110,\"height\":110,\"caption\":\"La Danse Lauwinoise\"},\"image\":{\"@id\":\"https:\/\/www.ladanselauwinoise.com\/#\/schema\/logo\/image\/\"}}]}<\/script>\n<!-- \/ Yoast SEO plugin. -->","yoast_head_json":{"title":"Gestionnaire du site de l'association de cours de danse lauwinoise - La Danse Lauwinoise","description":"Contact du gestionnaire du site web de l'association lauwinoise de cours de danses et mentions l\u00e9gales web","robots":{"index":"index","follow":"follow","max-snippet":"max-snippet:-1","max-image-preview":"max-image-preview:large","max-video-preview":"max-video-preview:-1"},"canonical":"https:\/\/www.ladanselauwinoise.com\/index.php\/contact-gestionnaire\/","og_locale":"fr_FR","og_type":"article","og_title":"Gestionnaire du site de l'association de cours de danse lauwinoise - La Danse Lauwinoise","og_description":"Contact du gestionnaire du site web de l'association lauwinoise de cours de danses et mentions l\u00e9gales web","og_url":"https:\/\/www.ladanselauwinoise.com\/index.php\/contact-gestionnaire\/","og_site_name":"La Danse Lauwinoise","article_modified_time":"2025-07-29T06:57:31+00:00","og_image":[{"width":358,"height":269,"url":"https:\/\/www.ladanselauwinoise.com\/wp-content\/uploads\/2025\/07\/reunion-bureau.png","type":"image\/png"}],"twitter_card":"summary_large_image","twitter_misc":{"Dur\u00e9e de lecture estim\u00e9e":"3 minutes"},"schema":{"@context":"https:\/\/schema.org","@graph":[{"@type":"WebPage","@id":"https:\/\/www.ladanselauwinoise.com\/index.php\/contact-gestionnaire\/","url":"https:\/\/www.ladanselauwinoise.com\/index.php\/contact-gestionnaire\/","name":"Gestionnaire du site de l'association de cours de danse lauwinoise - La Danse Lauwinoise","isPartOf":{"@id":"https:\/\/www.ladanselauwinoise.com\/#website"},"primaryImageOfPage":{"@id":"https:\/\/www.ladanselauwinoise.com\/index.php\/contact-gestionnaire\/#primaryimage"},"image":{"@id":"https:\/\/www.ladanselauwinoise.com\/index.php\/contact-gestionnaire\/#primaryimage"},"thumbnailUrl":"https:\/\/www.ladanselauwinoise.com\/wp-content\/uploads\/2025\/07\/reunion-bureau-300x225.png","datePublished":"2025-07-03T04:37:56+00:00","dateModified":"2025-07-29T06:57:31+00:00","description":"Contact du gestionnaire du site web de l'association lauwinoise de cours de danses et mentions l\u00e9gales web","breadcrumb":{"@id":"https:\/\/www.ladanselauwinoise.com\/index.php\/contact-gestionnaire\/#breadcrumb"},"inLanguage":"fr-FR","potentialAction":[{"@type":"ReadAction","target":["https:\/\/www.ladanselauwinoise.com\/index.php\/contact-gestionnaire\/"]}]},{"@type":"ImageObject","inLanguage":"fr-FR","@id":"https:\/\/www.ladanselauwinoise.com\/index.php\/contact-gestionnaire\/#primaryimage","url":"https:\/\/www.ladanselauwinoise.com\/wp-content\/uploads\/2025\/07\/reunion-bureau.png","contentUrl":"https:\/\/www.ladanselauwinoise.com\/wp-content\/uploads\/2025\/07\/reunion-bureau.png","width":358,"height":269,"caption":"membres du bureau"},{"@type":"BreadcrumbList","@id":"https:\/\/www.ladanselauwinoise.com\/index.php\/contact-gestionnaire\/#breadcrumb","itemListElement":[{"@type":"ListItem","position":1,"name":"Accueil","item":"https:\/\/www.ladanselauwinoise.com\/"},{"@type":"ListItem","position":2,"name":"Gestionnaire du site de l&rsquo;association de cours de danse lauwinoise"}]},{"@type":"WebSite","@id":"https:\/\/www.ladanselauwinoise.com\/#website","url":"https:\/\/www.ladanselauwinoise.com\/","name":"La Danse Lauwinoise","description":"Venez danser avec nous, en couple ou en ligne, \u00e0 Lauwin-Planque \u00e0 c\u00f4t\u00e9 de Douai","publisher":{"@id":"https:\/\/www.ladanselauwinoise.com\/#organization"},"alternateName":"Danse \u00e0 Lauwin-Planque","potentialAction":[{"@type":"SearchAction","target":{"@type":"EntryPoint","urlTemplate":"https:\/\/www.ladanselauwinoise.com\/?s={search_term_string}"},"query-input":{"@type":"PropertyValueSpecification","valueRequired":true,"valueName":"search_term_string"}}],"inLanguage":"fr-FR"},{"@type":"Organization","@id":"https:\/\/www.ladanselauwinoise.com\/#organization","name":"La Danse Lauwinoise","url":"https:\/\/www.ladanselauwinoise.com\/","logo":{"@type":"ImageObject","inLanguage":"fr-FR","@id":"https:\/\/www.ladanselauwinoise.com\/#\/schema\/logo\/image\/","url":"https:\/\/www.ladanselauwinoise.com\/wp-content\/uploads\/2025\/06\/Logo-110x110-transparent-1.png","contentUrl":"https:\/\/www.ladanselauwinoise.com\/wp-content\/uploads\/2025\/06\/Logo-110x110-transparent-1.png","width":110,"height":110,"caption":"La Danse Lauwinoise"},"image":{"@id":"https:\/\/www.ladanselauwinoise.com\/#\/schema\/logo\/image\/"}}]}},"_links":{"self":[{"href":"https:\/\/www.ladanselauwinoise.com\/index.php\/wp-json\/wp\/v2\/pages\/184","targetHints":{"allow":["GET"]}}],"collection":[{"href":"https:\/\/www.ladanselauwinoise.com\/index.php\/wp-json\/wp\/v2\/pages"}],"about":[{"href":"https:\/\/www.ladanselauwinoise.com\/index.php\/wp-json\/wp\/v2\/types\/page"}],"author":[{"embeddable":true,"href":"https:\/\/www.ladanselauwinoise.com\/index.php\/wp-json\/wp\/v2\/users\/1"}],"replies":[{"embeddable":true,"href":"https:\/\/www.ladanselauwinoise.com\/index.php\/wp-json\/wp\/v2\/comments?post=184"}],"version-history":[{"count":33,"href":"https:\/\/www.ladanselauwinoise.com\/index.php\/wp-json\/wp\/v2\/pages\/184\/revisions"}],"predecessor-version":[{"id":697,"href":"https:\/\/www.ladanselauwinoise.com\/index.php\/wp-json\/wp\/v2\/pages\/184\/revisions\/697"}],"wp:attachment":[{"href":"https:\/\/www.ladanselauwinoise.com\/index.php\/wp-json\/wp\/v2\/media?parent=184"}],"curies":[{"name":"wp","href":"https:\/\/api.w.org\/{rel}","templated":true}]}}