{"id":137,"date":"2025-07-02T06:09:44","date_gmt":"2025-07-02T04:09:44","guid":{"rendered":"https:\/\/www.ladanselauwinoise.com\/?page_id=137"},"modified":"2026-01-18T16:35:43","modified_gmt":"2026-01-18T14:35:43","slug":"accueil","status":"publish","type":"page","link":"https:\/\/www.ladanselauwinoise.com\/","title":{"rendered":"La Danse Lauwinoise : danse en couple et en ligne \u00e0 Lauwin-Planque Douai"},"content":{"rendered":"\n<div class=\"wp-block-buttons has-custom-font-size has-small-font-size is-content-justification-center is-layout-flex wp-container-core-buttons-is-layout-6f540e79 wp-block-buttons-is-layout-flex\" style=\"margin-top:0px;margin-bottom:0px;padding-top:1px;padding-right:1px;padding-bottom:1px;padding-left:1px\">\n<div class=\"wp-block-button is-style-outline is-style-outline--1\"><a class=\"wp-block-button__link has-base-color has-accent-1-background-color has-text-color has-background has-link-color has-large-font-size has-custom-font-size wp-element-button\" href=\"https:\/\/www.ladanselauwinoise.com\/\" style=\"padding-top:0;padding-right:var(--wp--preset--spacing--20);padding-bottom:0;padding-left:var(--wp--preset--spacing--20)\">Accueil<\/a><\/div>\n\n\n\n<div class=\"wp-block-button is-style-outline is-style-outline--2\"><a class=\"wp-block-button__link has-accent-1-color has-text-color has-link-color has-large-font-size has-custom-font-size wp-element-button\" href=\"https:\/\/www.ladanselauwinoise.com\/index.php\/evenements\/\" style=\"padding-top:0;padding-right:var(--wp--preset--spacing--20);padding-bottom:0;padding-left:var(--wp--preset--spacing--20)\">Ev\u00e8nements<\/a><\/div>\n\n\n\n<div class=\"wp-block-button is-style-outline is-style-outline--3\"><a class=\"wp-block-button__link has-accent-1-color has-text-color has-link-color has-large-font-size has-custom-font-size wp-element-button\" href=\"https:\/\/www.ladanselauwinoise.com\/index.php\/cours-de-danse\/\" style=\"padding-top:0;padding-right:var(--wp--preset--spacing--20);padding-bottom:0;padding-left:var(--wp--preset--spacing--20)\">Cours<\/a><\/div>\n\n\n\n<div class=\"wp-block-button is-style-outline is-style-outline--4\"><a class=\"wp-block-button__link has-accent-1-color has-text-color has-link-color has-large-font-size has-custom-font-size wp-element-button\" href=\"https:\/\/www.ladanselauwinoise.com\/index.php\/contact\/\" style=\"padding-top:0;padding-right:var(--wp--preset--spacing--20);padding-bottom:0;padding-left:var(--wp--preset--spacing--20)\">Contact<\/a><\/div>\n<\/div>\n\n\n\n<h1 class=\"wp-block-heading has-text-align-center has-base-color has-text-color has-link-color wp-elements-5f8e21d79727abddbe10ca2525817394\" style=\"margin-top:0;margin-right:var(--wp--preset--spacing--50);margin-bottom:0;margin-left:var(--wp--preset--spacing--50);padding-top:0px;padding-right:0px;padding-bottom:0px;padding-left:0px;font-size:0.1rem\">Bienvenue \u00e0 La Danse Lauwinoise cours Douai, le site de notre association consacr\u00e9e aux cours de danse \u00e0 Lauwin-Planque \u00e0 c\u00f4t\u00e9 de Douai<\/h1>\n\n\n\n<p class=\"has-text-align-center has-base-color has-text-color has-link-color wp-elements-2dfbeea586e70dbb227274a2803e788a\" style=\"margin-right:var(--wp--preset--spacing--50);margin-left:var(--wp--preset--spacing--50);font-size:0px\">Avec nous, La Danse Lauwinoise, vous apprendrez la danse pr\u00e8s de Douai avec rock, salsa, mambo et toutes les danses en couple.<\/p>\n\n\n\n<div style=\"height:5px\" aria-hidden=\"true\" class=\"wp-block-spacer\"><\/div>\n\n\n\n<p class=\"has-text-align-center has-medium-font-size\" style=\"margin-right:var(--wp--preset--spacing--50);margin-left:var(--wp--preset--spacing--50)\"><\/p>\n\n\n\n<h2 class=\"wp-block-heading has-text-align-center has-base-color has-text-color has-link-color wp-elements-40342e63396dc792281efadb30f28445\" style=\"margin-right:var(--wp--preset--spacing--50);margin-left:var(--wp--preset--spacing--50);font-size:0.1rem\">D\u00e9finition de La Danse Lauwinoise consacr\u00e9e aux cours de danse pr\u00e8s de Douai<\/h2>\n\n\n\n<p class=\"has-text-align-center has-medium-font-size\" style=\"margin-right:var(--wp--preset--spacing--50);margin-left:var(--wp--preset--spacing--50)\">Notre association, cr\u00e9\u00e9e en 2005, est un club de Danse en couple et de Danse en ligne.<br><br>C&rsquo;est avant tout dans une ambiance conviviale et d\u00e9tendue que nous pratiquons nos cours de danse.<br><br>Situ\u00e9e \u00e0 <a href=\"https:\/\/www.lauwin-planque.com\/ma-ville\/la-vie-associative\/la-danse-lauwinoise\"><mark style=\"background-color:rgba(0, 0, 0, 0)\" class=\"has-inline-color has-accent-1-color\">LAUWIN-PLANQUE<\/mark><\/a> (59), pr\u00e8s de Douai, dans le Douaisis, venez nous rejoindre pour d\u00e9couvrir et apprendre diff\u00e9rentes danses.<br>Les cours sont ouverts \u00e0 tout le monde (il n&rsquo;est pas n\u00e9cessaire d&rsquo;habiter Lauwin-Planque). Vous pouvez venir quel que soit votre \u00e2ge (adulte quand m\u00eame \ud83d\ude09). <br><br>Prenez plaisir avec nous \u00e0 danser le&nbsp;rock, la valse, le tango, le fox-trot, le cha-cha-cha, la rumba, la salsa, la valse&#8230; et toutes sortes de&nbsp;danses en ligne.<br><br>Parcourez ces pages pour d\u00e9couvrir toutes les informations utiles.<br>Et n&rsquo;h\u00e9sitez pas \u00e0 nous contacter.<br><br>Bonnes danses&nbsp;\ud83d\udc83\ud83c\udfb6.<\/p>\n\n\n\n<figure class=\"wp-block-image aligncenter size-medium has-custom-border is-style-default wp-duotone-unset-5\" style=\"margin-right:var(--wp--preset--spacing--50);margin-left:var(--wp--preset--spacing--50)\"><img loading=\"lazy\" decoding=\"async\" width=\"300\" height=\"300\" src=\"https:\/\/www.ladanselauwinoise.com\/wp-content\/uploads\/2025\/07\/Logo-512x512-transparent-300x300.png\" alt=\"danse en couple\" class=\"wp-image-345\" style=\"border-width:1px\" srcset=\"https:\/\/www.ladanselauwinoise.com\/wp-content\/uploads\/2025\/07\/Logo-512x512-transparent-300x300.png 300w, https:\/\/www.ladanselauwinoise.com\/wp-content\/uploads\/2025\/07\/Logo-512x512-transparent-150x150.png 150w, https:\/\/www.ladanselauwinoise.com\/wp-content\/uploads\/2025\/07\/Logo-512x512-transparent.png 512w\" sizes=\"auto, (max-width: 300px) 100vw, 300px\" \/><\/figure>\n\n\n\n<h2 class=\"wp-block-heading has-base-color has-text-color has-link-color has-small-font-size wp-elements-24a80f70f29b4aa1f6481625cac31219\" style=\"margin-right:var(--wp--preset--spacing--50);margin-left:var(--wp--preset--spacing--50)\">danse en couple &#8211; ligne pour r\u00e9f\u00e9rencement &#8211; laisser en blanc sur blanc<\/h2>\n\n\n\n<h2 class=\"wp-block-heading has-base-color has-text-color has-link-color has-small-font-size wp-elements-b2551b0a0072aac296a842e7604c300f\" style=\"margin-right:var(--wp--preset--spacing--50);margin-left:var(--wp--preset--spacing--50)\">danse en ligne &#8211; ligne pour r\u00e9f\u00e9rencement &#8211; laisser en blanc sur blanc<\/h2>\n\n\n\n<p class=\"has-text-align-center has-medium-font-size\" style=\"margin-right:var(--wp--preset--spacing--50);margin-left:var(--wp--preset--spacing--50)\"><br>&#8212;&#8212;&#8212;&#8212;&#8212;&#8212;&#8212;&#8212;&#8212;&#8212;&#8212;&#8211;<\/p>\n\n\n\n<p class=\"has-text-align-center has-medium-font-size\" style=\"margin-right:var(--wp--preset--spacing--50);margin-left:var(--wp--preset--spacing--50)\">Apr\u00e8s 20 belles ann\u00e9es de danses en tous genres, un certain Jean-Denis qui nous a quitt\u00e9 trop t\u00f4t, nous continuons avec un Bureau renouvel\u00e9. <br>Merci aux cr\u00e9ateurs de l&rsquo;association qui ont tout fait pour nous satisfaire et nous proposer des cours, des repr\u00e9sentations et des sorties, toujours dans une excellente ambiance.<\/p>\n\n\n\n<figure data-wp-context=\"{&quot;imageId&quot;:&quot;69e13970f1ca6&quot;}\" data-wp-interactive=\"core\/image\" data-wp-key=\"69e13970f1ca6\" class=\"wp-block-image aligncenter size-medium wp-lightbox-container\" style=\"margin-right:var(--wp--preset--spacing--50);margin-left:var(--wp--preset--spacing--50)\"><img loading=\"lazy\" decoding=\"async\" width=\"300\" height=\"135\" data-wp-class--hide=\"state.isContentHidden\" data-wp-class--show=\"state.isContentVisible\" data-wp-init=\"callbacks.setButtonStyles\" data-wp-on--click=\"actions.showLightbox\" data-wp-on--load=\"callbacks.setButtonStyles\" data-wp-on-window--resize=\"callbacks.setButtonStyles\" src=\"https:\/\/www.ladanselauwinoise.com\/wp-content\/uploads\/2025\/07\/IMG-20250622-WA0048-300x135.jpg\" alt=\"danse en ligne\" class=\"wp-image-310\" srcset=\"https:\/\/www.ladanselauwinoise.com\/wp-content\/uploads\/2025\/07\/IMG-20250622-WA0048-300x135.jpg 300w, https:\/\/www.ladanselauwinoise.com\/wp-content\/uploads\/2025\/07\/IMG-20250622-WA0048-1024x461.jpg 1024w, https:\/\/www.ladanselauwinoise.com\/wp-content\/uploads\/2025\/07\/IMG-20250622-WA0048-768x346.jpg 768w, https:\/\/www.ladanselauwinoise.com\/wp-content\/uploads\/2025\/07\/IMG-20250622-WA0048-1536x691.jpg 1536w, https:\/\/www.ladanselauwinoise.com\/wp-content\/uploads\/2025\/07\/IMG-20250622-WA0048.jpg 1600w\" sizes=\"auto, (max-width: 300px) 100vw, 300px\" \/><button\n\t\t\tclass=\"lightbox-trigger\"\n\t\t\ttype=\"button\"\n\t\t\taria-haspopup=\"dialog\"\n\t\t\taria-label=\"Agrandir\"\n\t\t\tdata-wp-init=\"callbacks.initTriggerButton\"\n\t\t\tdata-wp-on--click=\"actions.showLightbox\"\n\t\t\tdata-wp-style--right=\"state.imageButtonRight\"\n\t\t\tdata-wp-style--top=\"state.imageButtonTop\"\n\t\t>\n\t\t\t<svg xmlns=\"http:\/\/www.w3.org\/2000\/svg\" width=\"12\" height=\"12\" fill=\"none\" viewBox=\"0 0 12 12\">\n\t\t\t\t<path fill=\"#fff\" d=\"M2 0a2 2 0 0 0-2 2v2h1.5V2a.5.5 0 0 1 .5-.5h2V0H2Zm2 10.5H2a.5.5 0 0 1-.5-.5V8H0v2a2 2 0 0 0 2 2h2v-1.5ZM8 12v-1.5h2a.5.5 0 0 0 .5-.5V8H12v2a2 2 0 0 1-2 2H8Zm2-12a2 2 0 0 1 2 2v2h-1.5V2a.5.5 0 0 0-.5-.5H8V0h2Z\" \/>\n\t\t\t<\/svg>\n\t\t<\/button><\/figure>\n\n\n\n<p class=\"has-text-align-center has-medium-font-size\" style=\"margin-right:var(--wp--preset--spacing--50);margin-left:var(--wp--preset--spacing--50)\">La barre est haute pour ce nouveau Bureau qui rel\u00e8vera tous nos prochains d\u00e9fis !<\/p>\n\n\n\n<p class=\"has-text-align-center has-small-font-size\" style=\"margin-right:var(--wp--preset--spacing--50);margin-left:var(--wp--preset--spacing--50)\">Cette nouvelle \u00e9tape est l&rsquo;occasion pour nous d&rsquo;abandonner notre ancien <a href=\"https:\/\/ladanselauwinoise.blogspot.com\" target=\"_blank\" rel=\"noreferrer noopener\"><mark style=\"background-color:rgba(0, 0, 0, 0)\" class=\"has-inline-color has-accent-1-color\">blog<\/mark><\/a> au profit de ce site plus vivant.<\/p>\n\n\n\n<div style=\"height:50px\" aria-hidden=\"true\" class=\"wp-block-spacer\"><\/div>\n\n\n\n<p class=\"has-text-align-center has-medium-font-size\" style=\"margin-right:var(--wp--preset--spacing--50);margin-left:var(--wp--preset--spacing--50)\"><br>&#8212;&#8212;&#8212;&#8212;&#8212;&#8212;&#8212;&#8212;&#8212;&#8212;&#8212;&#8211;<\/p>\n\n\n\n<div class=\"wp-block-group is-content-justification-center is-nowrap is-layout-flex wp-container-core-group-is-layout-9aae6ca3 wp-block-group-is-layout-flex\" style=\"padding-right:var(--wp--preset--spacing--50);padding-left:var(--wp--preset--spacing--50)\">\n<div style=\"height:100px;width:0px\" aria-hidden=\"true\" class=\"wp-block-spacer wp-container-content-d613cd94\"><\/div>\n\n\n\n<figure style=\"margin-right:var(--wp--preset--spacing--50);margin-left:var(--wp--preset--spacing--50)\" class=\"wp-block-video\"><video height=\"850\" style=\"aspect-ratio: 478 \/ 850;\" width=\"478\" controls poster=\"https:\/\/www.ladanselauwinoise.com\/wp-content\/uploads\/2025\/08\/2024-danse-en-ligne-1-couverture-1.png\" preload=\"none\" src=\"https:\/\/www.ladanselauwinoise.com\/wp-content\/uploads\/2025\/08\/2024-danse-en-ligne-1.mp4\"><\/video><\/figure>\n\n\n\n<div style=\"height:100px;width:0px\" aria-hidden=\"true\" class=\"wp-block-spacer wp-container-content-d613cd94\"><\/div>\n<\/div>\n\n\n\n<div style=\"height:100px\" aria-hidden=\"true\" class=\"wp-block-spacer\"><\/div>\n","protected":false},"excerpt":{"rendered":"<p>Bienvenue \u00e0 La Danse Lauwinoise cours Douai, le site de notre association consacr\u00e9e aux cours de danse \u00e0 Lauwin-Planque \u00e0 c\u00f4t\u00e9 de Douai Avec nous, La Danse Lauwinoise, vous apprendrez la danse pr\u00e8s de Douai avec rock, salsa, mambo et toutes les danses en couple. D\u00e9finition de La Danse Lauwinoise consacr\u00e9e aux cours de danse [&hellip;]<\/p>\n","protected":false},"author":1,"featured_media":0,"parent":0,"menu_order":0,"comment_status":"closed","ping_status":"closed","template":"wp-custom-template-ldl-mod-le-page","meta":{"footnotes":""},"class_list":["post-137","page","type-page","status-publish","hentry"],"yoast_head":"<!-- This site is optimized with the Yoast SEO plugin v26.8 - https:\/\/yoast.com\/product\/yoast-seo-wordpress\/ -->\n<title>La Danse Lauwinoise - Cours de danse<\/title>\n<meta name=\"description\" content=\"Cours de danse \u00e0 Lauwin-Planque pr\u00e8s de Douai. Venez d\u00e9couvrir le rock, salsa, mambo, valse... \u00e0 La Danse Lauwinoise\" \/>\n<meta name=\"robots\" content=\"index, follow, max-snippet:-1, max-image-preview:large, max-video-preview:-1\" \/>\n<link rel=\"canonical\" href=\"https:\/\/www.ladanselauwinoise.com\/\" \/>\n<meta property=\"og:locale\" content=\"fr_FR\" \/>\n<meta property=\"og:type\" content=\"article\" \/>\n<meta property=\"og:title\" content=\"La Danse Lauwinoise - Cours de danse\" \/>\n<meta property=\"og:description\" content=\"Cours de danse \u00e0 Lauwin-Planque pr\u00e8s de Douai. Venez d\u00e9couvrir le rock, salsa, mambo, valse... \u00e0 La Danse Lauwinoise\" \/>\n<meta property=\"og:url\" content=\"https:\/\/www.ladanselauwinoise.com\/\" \/>\n<meta property=\"og:site_name\" content=\"La Danse Lauwinoise\" \/>\n<meta property=\"article:modified_time\" content=\"2026-01-18T14:35:43+00:00\" \/>\n<meta property=\"og:image\" content=\"https:\/\/www.ladanselauwinoise.com\/wp-content\/uploads\/2025\/07\/Logo-512x512-transparent.png\" \/>\n\t<meta property=\"og:image:width\" content=\"512\" \/>\n\t<meta property=\"og:image:height\" content=\"512\" \/>\n\t<meta property=\"og:image:type\" content=\"image\/png\" \/>\n<meta name=\"twitter:card\" content=\"summary_large_image\" \/>\n<meta name=\"twitter:label1\" content=\"Dur\u00e9e de lecture estim\u00e9e\" \/>\n\t<meta name=\"twitter:data1\" content=\"2 minutes\" \/>\n<script type=\"application\/ld+json\" class=\"yoast-schema-graph\">{\"@context\":\"https:\/\/schema.org\",\"@graph\":[{\"@type\":\"WebPage\",\"@id\":\"https:\/\/www.ladanselauwinoise.com\/\",\"url\":\"https:\/\/www.ladanselauwinoise.com\/\",\"name\":\"La Danse Lauwinoise - Cours de danse\",\"isPartOf\":{\"@id\":\"https:\/\/www.ladanselauwinoise.com\/#website\"},\"primaryImageOfPage\":{\"@id\":\"https:\/\/www.ladanselauwinoise.com\/#primaryimage\"},\"image\":{\"@id\":\"https:\/\/www.ladanselauwinoise.com\/#primaryimage\"},\"thumbnailUrl\":\"https:\/\/www.ladanselauwinoise.com\/wp-content\/uploads\/2025\/07\/Logo-512x512-transparent-300x300.png\",\"datePublished\":\"2025-07-02T04:09:44+00:00\",\"dateModified\":\"2026-01-18T14:35:43+00:00\",\"description\":\"Cours de danse \u00e0 Lauwin-Planque pr\u00e8s de Douai. Venez d\u00e9couvrir le rock, salsa, mambo, valse... \u00e0 La Danse Lauwinoise\",\"breadcrumb\":{\"@id\":\"https:\/\/www.ladanselauwinoise.com\/#breadcrumb\"},\"inLanguage\":\"fr-FR\",\"potentialAction\":[{\"@type\":\"ReadAction\",\"target\":[\"https:\/\/www.ladanselauwinoise.com\/\"]}]},{\"@type\":\"ImageObject\",\"inLanguage\":\"fr-FR\",\"@id\":\"https:\/\/www.ladanselauwinoise.com\/#primaryimage\",\"url\":\"https:\/\/www.ladanselauwinoise.com\/wp-content\/uploads\/2025\/07\/Logo-512x512-transparent.png\",\"contentUrl\":\"https:\/\/www.ladanselauwinoise.com\/wp-content\/uploads\/2025\/07\/Logo-512x512-transparent.png\",\"width\":512,\"height\":512},{\"@type\":\"BreadcrumbList\",\"@id\":\"https:\/\/www.ladanselauwinoise.com\/#breadcrumb\",\"itemListElement\":[{\"@type\":\"ListItem\",\"position\":1,\"name\":\"Accueil\",\"item\":\"https:\/\/www.ladanselauwinoise.com\/\"},{\"@type\":\"ListItem\",\"position\":2,\"name\":\"La Danse Lauwinoise : danse en couple et en ligne \u00e0 Lauwin-Planque Douai\"}]},{\"@type\":\"WebSite\",\"@id\":\"https:\/\/www.ladanselauwinoise.com\/#website\",\"url\":\"https:\/\/www.ladanselauwinoise.com\/\",\"name\":\"La Danse Lauwinoise\",\"description\":\"Venez danser avec nous, en couple ou en ligne, \u00e0 Lauwin-Planque \u00e0 c\u00f4t\u00e9 de Douai\",\"publisher\":{\"@id\":\"https:\/\/www.ladanselauwinoise.com\/#organization\"},\"alternateName\":\"Danse \u00e0 Lauwin-Planque\",\"potentialAction\":[{\"@type\":\"SearchAction\",\"target\":{\"@type\":\"EntryPoint\",\"urlTemplate\":\"https:\/\/www.ladanselauwinoise.com\/?s={search_term_string}\"},\"query-input\":{\"@type\":\"PropertyValueSpecification\",\"valueRequired\":true,\"valueName\":\"search_term_string\"}}],\"inLanguage\":\"fr-FR\"},{\"@type\":\"Organization\",\"@id\":\"https:\/\/www.ladanselauwinoise.com\/#organization\",\"name\":\"La Danse Lauwinoise\",\"url\":\"https:\/\/www.ladanselauwinoise.com\/\",\"logo\":{\"@type\":\"ImageObject\",\"inLanguage\":\"fr-FR\",\"@id\":\"https:\/\/www.ladanselauwinoise.com\/#\/schema\/logo\/image\/\",\"url\":\"https:\/\/www.ladanselauwinoise.com\/wp-content\/uploads\/2025\/06\/Logo-110x110-transparent-1.png\",\"contentUrl\":\"https:\/\/www.ladanselauwinoise.com\/wp-content\/uploads\/2025\/06\/Logo-110x110-transparent-1.png\",\"width\":110,\"height\":110,\"caption\":\"La Danse Lauwinoise\"},\"image\":{\"@id\":\"https:\/\/www.ladanselauwinoise.com\/#\/schema\/logo\/image\/\"}}]}<\/script>\n<!-- \/ Yoast SEO plugin. -->","yoast_head_json":{"title":"La Danse Lauwinoise - Cours de danse","description":"Cours de danse \u00e0 Lauwin-Planque pr\u00e8s de Douai. Venez d\u00e9couvrir le rock, salsa, mambo, valse... \u00e0 La Danse Lauwinoise","robots":{"index":"index","follow":"follow","max-snippet":"max-snippet:-1","max-image-preview":"max-image-preview:large","max-video-preview":"max-video-preview:-1"},"canonical":"https:\/\/www.ladanselauwinoise.com\/","og_locale":"fr_FR","og_type":"article","og_title":"La Danse Lauwinoise - Cours de danse","og_description":"Cours de danse \u00e0 Lauwin-Planque pr\u00e8s de Douai. Venez d\u00e9couvrir le rock, salsa, mambo, valse... \u00e0 La Danse Lauwinoise","og_url":"https:\/\/www.ladanselauwinoise.com\/","og_site_name":"La Danse Lauwinoise","article_modified_time":"2026-01-18T14:35:43+00:00","og_image":[{"width":512,"height":512,"url":"https:\/\/www.ladanselauwinoise.com\/wp-content\/uploads\/2025\/07\/Logo-512x512-transparent.png","type":"image\/png"}],"twitter_card":"summary_large_image","twitter_misc":{"Dur\u00e9e de lecture estim\u00e9e":"2 minutes"},"schema":{"@context":"https:\/\/schema.org","@graph":[{"@type":"WebPage","@id":"https:\/\/www.ladanselauwinoise.com\/","url":"https:\/\/www.ladanselauwinoise.com\/","name":"La Danse Lauwinoise - Cours de danse","isPartOf":{"@id":"https:\/\/www.ladanselauwinoise.com\/#website"},"primaryImageOfPage":{"@id":"https:\/\/www.ladanselauwinoise.com\/#primaryimage"},"image":{"@id":"https:\/\/www.ladanselauwinoise.com\/#primaryimage"},"thumbnailUrl":"https:\/\/www.ladanselauwinoise.com\/wp-content\/uploads\/2025\/07\/Logo-512x512-transparent-300x300.png","datePublished":"2025-07-02T04:09:44+00:00","dateModified":"2026-01-18T14:35:43+00:00","description":"Cours de danse \u00e0 Lauwin-Planque pr\u00e8s de Douai. Venez d\u00e9couvrir le rock, salsa, mambo, valse... \u00e0 La Danse Lauwinoise","breadcrumb":{"@id":"https:\/\/www.ladanselauwinoise.com\/#breadcrumb"},"inLanguage":"fr-FR","potentialAction":[{"@type":"ReadAction","target":["https:\/\/www.ladanselauwinoise.com\/"]}]},{"@type":"ImageObject","inLanguage":"fr-FR","@id":"https:\/\/www.ladanselauwinoise.com\/#primaryimage","url":"https:\/\/www.ladanselauwinoise.com\/wp-content\/uploads\/2025\/07\/Logo-512x512-transparent.png","contentUrl":"https:\/\/www.ladanselauwinoise.com\/wp-content\/uploads\/2025\/07\/Logo-512x512-transparent.png","width":512,"height":512},{"@type":"BreadcrumbList","@id":"https:\/\/www.ladanselauwinoise.com\/#breadcrumb","itemListElement":[{"@type":"ListItem","position":1,"name":"Accueil","item":"https:\/\/www.ladanselauwinoise.com\/"},{"@type":"ListItem","position":2,"name":"La Danse Lauwinoise : danse en couple et en ligne \u00e0 Lauwin-Planque Douai"}]},{"@type":"WebSite","@id":"https:\/\/www.ladanselauwinoise.com\/#website","url":"https:\/\/www.ladanselauwinoise.com\/","name":"La Danse Lauwinoise","description":"Venez danser avec nous, en couple ou en ligne, \u00e0 Lauwin-Planque \u00e0 c\u00f4t\u00e9 de Douai","publisher":{"@id":"https:\/\/www.ladanselauwinoise.com\/#organization"},"alternateName":"Danse \u00e0 Lauwin-Planque","potentialAction":[{"@type":"SearchAction","target":{"@type":"EntryPoint","urlTemplate":"https:\/\/www.ladanselauwinoise.com\/?s={search_term_string}"},"query-input":{"@type":"PropertyValueSpecification","valueRequired":true,"valueName":"search_term_string"}}],"inLanguage":"fr-FR"},{"@type":"Organization","@id":"https:\/\/www.ladanselauwinoise.com\/#organization","name":"La Danse Lauwinoise","url":"https:\/\/www.ladanselauwinoise.com\/","logo":{"@type":"ImageObject","inLanguage":"fr-FR","@id":"https:\/\/www.ladanselauwinoise.com\/#\/schema\/logo\/image\/","url":"https:\/\/www.ladanselauwinoise.com\/wp-content\/uploads\/2025\/06\/Logo-110x110-transparent-1.png","contentUrl":"https:\/\/www.ladanselauwinoise.com\/wp-content\/uploads\/2025\/06\/Logo-110x110-transparent-1.png","width":110,"height":110,"caption":"La Danse Lauwinoise"},"image":{"@id":"https:\/\/www.ladanselauwinoise.com\/#\/schema\/logo\/image\/"}}]}},"_links":{"self":[{"href":"https:\/\/www.ladanselauwinoise.com\/index.php\/wp-json\/wp\/v2\/pages\/137","targetHints":{"allow":["GET"]}}],"collection":[{"href":"https:\/\/www.ladanselauwinoise.com\/index.php\/wp-json\/wp\/v2\/pages"}],"about":[{"href":"https:\/\/www.ladanselauwinoise.com\/index.php\/wp-json\/wp\/v2\/types\/page"}],"author":[{"embeddable":true,"href":"https:\/\/www.ladanselauwinoise.com\/index.php\/wp-json\/wp\/v2\/users\/1"}],"replies":[{"embeddable":true,"href":"https:\/\/www.ladanselauwinoise.com\/index.php\/wp-json\/wp\/v2\/comments?post=137"}],"version-history":[{"count":58,"href":"https:\/\/www.ladanselauwinoise.com\/index.php\/wp-json\/wp\/v2\/pages\/137\/revisions"}],"predecessor-version":[{"id":778,"href":"https:\/\/www.ladanselauwinoise.com\/index.php\/wp-json\/wp\/v2\/pages\/137\/revisions\/778"}],"wp:attachment":[{"href":"https:\/\/www.ladanselauwinoise.com\/index.php\/wp-json\/wp\/v2\/media?parent=137"}],"curies":[{"name":"wp","href":"https:\/\/api.w.org\/{rel}","templated":true}]}}